{"id":1967,"date":"2019-10-02T14:16:38","date_gmt":"2019-10-02T19:16:38","guid":{"rendered":"http:\/\/terapomedik.com\/?page_id=1967"},"modified":"2019-10-10T05:31:21","modified_gmt":"2019-10-10T10:31:21","slug":"discover-our-product-lines","status":"publish","type":"page","link":"https:\/\/terapomedik.com\/en\/discover-our-product-lines\/","title":{"rendered":"Discover our product lines"},"content":{"rendered":"<p>Laboratoire Nature offers different product lines of shampoos, scalp and skin care products. Visit our other websites to discover them.<\/p>\n<p><a href=\"http:\/\/terapomedikhomme.com\/\" target=\"_blank\" rel=\"noopener noreferrer\"><strong>T\u00e9rapo M\u00e9dik Homme<\/strong><\/a><\/p>\n<p>Hair care products for men. Keep your hair beautiful with a range specially designed for men&#8217;s scalp.<\/p>\n<p><a href=\"https:\/\/laboratoirenature.com\/produits\/terapo-junior\/\" target=\"_blank\" rel=\"noopener noreferrer\"><strong>T\u00e9rapo Junior<\/strong><\/a><\/p>\n<p>A range of products adapted for babies and children. Bath time becomes a special moment, gentle on the body and the environment.<\/p>\n<p><a href=\"http:\/\/terapomedik.com\/\" target=\"_blank\" rel=\"noopener noreferrer\"><strong>T\u00e9rapo M\u00e9dik<\/strong><\/a><\/p>\n<p>Based on trichology, a range of care products to deal with most hair and scalp problems. Find your way back to beautiful hair and a healthy scalp thanks to natural active ingredients.<\/p>\n","protected":false},"excerpt":{"rendered":"<p>Laboratoire Nature offers different product lines of shampoos, scalp and skin care products. Visit our other websites to discover them. T\u00e9rapo M\u00e9dik Homme Hair care products for men. Keep your hair beautiful with a range specially designed for men&#8217;s scalp. T\u00e9rapo Junior A range of products adapted for babies and children. Bath time becomes a [&hellip;]<\/p>\n","protected":false},"author":1,"featured_media":0,"parent":0,"menu_order":0,"comment_status":"closed","ping_status":"closed","template":"page-gamme.php","meta":{"_acf_changed":false,"footnotes":""},"acf":[],"aioseo_notices":[],"_links":{"self":[{"href":"https:\/\/terapomedik.com\/en\/wp-json\/wp\/v2\/pages\/1967"}],"collection":[{"href":"https:\/\/terapomedik.com\/en\/wp-json\/wp\/v2\/pages"}],"about":[{"href":"https:\/\/terapomedik.com\/en\/wp-json\/wp\/v2\/types\/page"}],"author":[{"embeddable":true,"href":"https:\/\/terapomedik.com\/en\/wp-json\/wp\/v2\/users\/1"}],"replies":[{"embeddable":true,"href":"https:\/\/terapomedik.com\/en\/wp-json\/wp\/v2\/comments?post=1967"}],"version-history":[{"count":4,"href":"https:\/\/terapomedik.com\/en\/wp-json\/wp\/v2\/pages\/1967\/revisions"}],"predecessor-version":[{"id":1975,"href":"https:\/\/terapomedik.com\/en\/wp-json\/wp\/v2\/pages\/1967\/revisions\/1975"}],"wp:attachment":[{"href":"https:\/\/terapomedik.com\/en\/wp-json\/wp\/v2\/media?parent=1967"}],"curies":[{"name":"wp","href":"https:\/\/api.w.org\/{rel}","templated":true}]}}